{"id":1533,"date":"2022-02-11T02:42:48","date_gmt":"2022-02-11T02:42:48","guid":{"rendered":"https:\/\/fullcirclepediatric.com\/?page_id=1533"},"modified":"2025-12-10T22:58:26","modified_gmt":"2025-12-10T22:58:26","slug":"parent-resources","status":"publish","type":"page","link":"https:\/\/fullcirclepediatric.com\/es\/parent-resources\/","title":{"rendered":"Recursos para&nbsp;padres"},"content":{"rendered":"<p class=\"dark-blue text-uppercase\"><strong>Recursos para padres\/cuidadores<\/strong><\/p>\n\n\n\n<h1 class=\"wp-block-heading mb-5\">Gracias, padres y&nbsp;cuidadores.<\/h1>\n\n\n\n<p class=\"col-lg-8\">Estamos agradecidos por su confianza en nosotros para ayudar a&nbsp;cuidar a&nbsp;su hijo. Nuestro personal est\u00e1 dedicado a&nbsp;brindar la atenci\u00f3n individualizada y&nbsp;el apoyo que su hijo necesita para permitirle alcanzar su m\u00e1ximo potencial. Esperamos poder asociarnos con usted en este importante viaje.<\/p>\n\n\n\n<p class=\"col-lg-8\">Si tiene alguna pregunta, ll\u00e1menos al 701\u2013478-0221. Siempre nos complace ayudar de cualquier manera que podamos y&nbsp;valoramos sus comentarios, preguntas, inquietudes y&nbsp;comentarios.<\/p>\n\n\n\n<div class=\"wp-block-buttons mt-5 is-layout-flex wp-block-buttons-is-layout-flex\">\n<div class=\"wp-block-button\"><a class=\"wp-block-button__link wp-element-button\" href=\"https:\/\/fullcirclepediatric.com\/es\/contact-us\/\">Cont\u00e1ctenos<\/a><\/div>\n<\/div>","protected":false},"excerpt":{"rendered":"Parent\/Caregiver Resources Thank you, parents and caregivers We\u2019re grateful for your trust in us to help care for your child. Our staff is devoted to providing the individualized attention and support your child needs to enable them to reach their full potential. We look forward to partnering with you on this important journey. If&nbsp;you&nbsp;[\u2026]","protected":false},"author":1,"featured_media":0,"parent":0,"menu_order":0,"comment_status":"closed","ping_status":"closed","template":"parent-resources.php","meta":{"wp_typography_post_enhancements_disabled":false,"_monsterinsights_skip_tracking":false,"_monsterinsights_sitenote_active":false,"_monsterinsights_sitenote_note":"","_monsterinsights_sitenote_category":0,"footnotes":""},"class_list":["post-1533","page","type-page","status-publish","hentry"],"yoast_head":"<!-- This site is optimized with the Yoast SEO plugin v26.0 - https:\/\/yoast.com\/wordpress\/plugins\/seo\/ -->\n<title>Parent Resources - Full Circle Pediatric<\/title>\n<meta name=\"description\" content=\"Our staff is devoted to providing the individualized attention and support your child needs to enable them to reach their full potential.\" \/>\n<meta name=\"robots\" content=\"index, follow, max-snippet:-1, max-image-preview:large, max-video-preview:-1\" \/>\n<link rel=\"canonical\" href=\"https:\/\/fullcirclepediatric.com\/es\/parent-resources\/\" \/>\n<meta property=\"og:locale\" content=\"es_MX\" \/>\n<meta property=\"og:type\" content=\"article\" \/>\n<meta property=\"og:title\" content=\"Parent Resources - Full Circle Pediatric\" \/>\n<meta property=\"og:description\" content=\"Our staff is devoted to providing the individualized attention and support your child needs to enable them to reach their full potential.\" \/>\n<meta property=\"og:url\" content=\"https:\/\/fullcirclepediatric.com\/es\/parent-resources\/\" \/>\n<meta property=\"og:site_name\" content=\"Full Circle Pediatric\" \/>\n<meta property=\"article:publisher\" content=\"https:\/\/www.facebook.com\/fullcirclepediatric\" \/>\n<meta property=\"article:modified_time\" content=\"2025-12-10T22:58:26+00:00\" \/>\n<meta name=\"twitter:card\" content=\"summary_large_image\" \/>\n<meta name=\"twitter:label1\" content=\"Tiempo de lectura\" \/>\n\t<meta name=\"twitter:data1\" content=\"1 minuto\" \/>\n<script type=\"application\/ld+json\" class=\"yoast-schema-graph\">{\"@context\":\"https:\/\/schema.org\",\"@graph\":[{\"@type\":\"WebPage\",\"@id\":\"https:\/\/fullcirclepediatric.com\/parent-resources\/\",\"url\":\"https:\/\/fullcirclepediatric.com\/parent-resources\/\",\"name\":\"Parent Resources - Full Circle Pediatric\",\"isPartOf\":{\"@id\":\"https:\/\/fullcirclepediatric.com\/#website\"},\"datePublished\":\"2022-02-11T02:42:48+00:00\",\"dateModified\":\"2025-12-10T22:58:26+00:00\",\"description\":\"Our staff is devoted to providing the individualized attention and support your child needs to enable them to reach their full potential.\",\"breadcrumb\":{\"@id\":\"https:\/\/fullcirclepediatric.com\/parent-resources\/#breadcrumb\"},\"inLanguage\":\"es\",\"potentialAction\":[{\"@type\":\"ReadAction\",\"target\":[\"https:\/\/fullcirclepediatric.com\/parent-resources\/\"]}]},{\"@type\":\"BreadcrumbList\",\"@id\":\"https:\/\/fullcirclepediatric.com\/parent-resources\/#breadcrumb\",\"itemListElement\":[{\"@type\":\"ListItem\",\"position\":1,\"name\":\"Home\",\"item\":\"https:\/\/fullcirclepediatric.com\/\"},{\"@type\":\"ListItem\",\"position\":2,\"name\":\"Parent Resources\"}]},{\"@type\":\"WebSite\",\"@id\":\"https:\/\/fullcirclepediatric.com\/#website\",\"url\":\"https:\/\/fullcirclepediatric.com\/\",\"name\":\"Full Circle Pediatric\",\"description\":\"\",\"publisher\":{\"@id\":\"https:\/\/fullcirclepediatric.com\/#organization\"},\"potentialAction\":[{\"@type\":\"SearchAction\",\"target\":{\"@type\":\"EntryPoint\",\"urlTemplate\":\"https:\/\/fullcirclepediatric.com\/?s={search_term_string}\"},\"query-input\":{\"@type\":\"PropertyValueSpecification\",\"valueRequired\":true,\"valueName\":\"search_term_string\"}}],\"inLanguage\":\"es\"},{\"@type\":\"Organization\",\"@id\":\"https:\/\/fullcirclepediatric.com\/#organization\",\"name\":\"Full Circle Pediatric Solutions\",\"url\":\"https:\/\/fullcirclepediatric.com\/\",\"logo\":{\"@type\":\"ImageObject\",\"inLanguage\":\"es\",\"@id\":\"https:\/\/fullcirclepediatric.com\/#\/schema\/logo\/image\/\",\"url\":\"https:\/\/fullcirclepediatric.com\/wp-content\/uploads\/2019\/07\/FullCircle_Logo_Web.png\",\"contentUrl\":\"https:\/\/fullcirclepediatric.com\/wp-content\/uploads\/2019\/07\/FullCircle_Logo_Web.png\",\"width\":340,\"height\":156,\"caption\":\"Full Circle Pediatric Solutions\"},\"image\":{\"@id\":\"https:\/\/fullcirclepediatric.com\/#\/schema\/logo\/image\/\"},\"sameAs\":[\"https:\/\/www.facebook.com\/fullcirclepediatric\",\"https:\/\/www.linkedin.com\/company\/full-circle-pediatric-solutions\/\",\"https:\/\/www.instagram.com\/fullcirclepediatricsolutions\/?hl=en\"]}]}<\/script>\n<!-- \/ Yoast SEO plugin. -->","yoast_head_json":{"title":"Parent Resources \u2014 Full Circle Pediatric","description":"Our staff is devoted to providing the individualized attention and support your child needs to enable them to reach their full&nbsp;potential.","robots":{"index":"index","follow":"follow","max-snippet":"max-snippet:-1","max-image-preview":"max-image-preview:large","max-video-preview":"max-video-preview:-1"},"canonical":"https:\/\/fullcirclepediatric.com\/es\/parent-resources\/","og_locale":"es_MX","og_type":"article","og_title":"Parent Resources - Full Circle Pediatric","og_description":"Our staff is devoted to providing the individualized attention and support your child needs to enable them to reach their full potential.","og_url":"https:\/\/fullcirclepediatric.com\/es\/parent-resources\/","og_site_name":"Full Circle Pediatric","article_publisher":"https:\/\/www.facebook.com\/fullcirclepediatric","article_modified_time":"2025-12-10T22:58:26+00:00","twitter_card":"summary_large_image","twitter_misc":{"Tiempo de lectura":"1 minuto"},"schema":{"@context":"https:\/\/schema.org","@graph":[{"@type":"WebPage","@id":"https:\/\/fullcirclepediatric.com\/parent-resources\/","url":"https:\/\/fullcirclepediatric.com\/parent-resources\/","name":"Parent Resources \u2014 Full Circle Pediatric","isPartOf":{"@id":"https:\/\/fullcirclepediatric.com\/#website"},"datePublished":"2022-02-11T02:42:48+00:00","dateModified":"2025-12-10T22:58:26+00:00","description":"Our staff is devoted to providing the individualized attention and support your child needs to enable them to reach their full&nbsp;potential.","breadcrumb":{"@id":"https:\/\/fullcirclepediatric.com\/parent-resources\/#breadcrumb"},"inLanguage":"es","potentialAction":[{"@type":"ReadAction","target":["https:\/\/fullcirclepediatric.com\/parent-resources\/"]}]},{"@type":"BreadcrumbList","@id":"https:\/\/fullcirclepediatric.com\/parent-resources\/#breadcrumb","itemListElement":[{"@type":"ListItem","position":1,"name":"Home","item":"https:\/\/fullcirclepediatric.com\/"},{"@type":"ListItem","position":2,"name":"Parent Resources"}]},{"@type":"WebSite","@id":"https:\/\/fullcirclepediatric.com\/#website","url":"https:\/\/fullcirclepediatric.com\/","name":"Full Circle Pediatric","description":"","publisher":{"@id":"https:\/\/fullcirclepediatric.com\/#organization"},"potentialAction":[{"@type":"SearchAction","target":{"@type":"EntryPoint","urlTemplate":"https:\/\/fullcirclepediatric.com\/?s={search_term_string}"},"query-input":{"@type":"PropertyValueSpecification","valueRequired":true,"valueName":"search_term_string"}}],"inLanguage":"es"},{"@type":"Organization","@id":"https:\/\/fullcirclepediatric.com\/#organization","name":"Full Circle Pediatric Solutions","url":"https:\/\/fullcirclepediatric.com\/","logo":{"@type":"ImageObject","inLanguage":"es","@id":"https:\/\/fullcirclepediatric.com\/#\/schema\/logo\/image\/","url":"https:\/\/fullcirclepediatric.com\/wp-content\/uploads\/2019\/07\/FullCircle_Logo_Web.png","contentUrl":"https:\/\/fullcirclepediatric.com\/wp-content\/uploads\/2019\/07\/FullCircle_Logo_Web.png","width":340,"height":156,"caption":"Full Circle Pediatric Solutions"},"image":{"@id":"https:\/\/fullcirclepediatric.com\/#\/schema\/logo\/image\/"},"sameAs":["https:\/\/www.facebook.com\/fullcirclepediatric","https:\/\/www.linkedin.com\/company\/full-circle-pediatric-solutions\/","https:\/\/www.instagram.com\/fullcirclepediatricsolutions\/?hl=en"]}]}},"_links":{"self":[{"href":"https:\/\/fullcirclepediatric.com\/es\/wp-json\/wp\/v2\/pages\/1533","targetHints":{"allow":["GET"]}}],"collection":[{"href":"https:\/\/fullcirclepediatric.com\/es\/wp-json\/wp\/v2\/pages"}],"about":[{"href":"https:\/\/fullcirclepediatric.com\/es\/wp-json\/wp\/v2\/types\/page"}],"author":[{"embeddable":true,"href":"https:\/\/fullcirclepediatric.com\/es\/wp-json\/wp\/v2\/users\/1"}],"replies":[{"embeddable":true,"href":"https:\/\/fullcirclepediatric.com\/es\/wp-json\/wp\/v2\/comments?post=1533"}],"version-history":[{"count":5,"href":"https:\/\/fullcirclepediatric.com\/es\/wp-json\/wp\/v2\/pages\/1533\/revisions"}],"predecessor-version":[{"id":2565,"href":"https:\/\/fullcirclepediatric.com\/es\/wp-json\/wp\/v2\/pages\/1533\/revisions\/2565"}],"wp:attachment":[{"href":"https:\/\/fullcirclepediatric.com\/es\/wp-json\/wp\/v2\/media?parent=1533"}],"curies":[{"name":"wp","href":"https:\/\/api.w.org\/{rel}","templated":true}]}}